{"id":111,"date":"2019-11-03T16:25:03","date_gmt":"2019-11-03T15:25:03","guid":{"rendered":"http:\/\/harmonieuniondelorette.be\/?page_id=111"},"modified":"2023-11-05T15:13:33","modified_gmt":"2023-11-05T14:13:33","slug":"historique","status":"publish","type":"page","link":"https:\/\/harmonieuniondelorette.be\/index.php\/historique\/","title":{"rendered":"Historique"},"content":{"rendered":"<div data-colibri-id=\"111-c1\" class=\"style-637 style-local-111-c1 position-relative\">\n  <!---->\n  <div data-colibri-component=\"section\" data-colibri-id=\"111-c2\" id=\"initial-content\" class=\"h-section h-section-global-spacing d-flex align-items-lg-center align-items-md-center align-items-center style-638 style-local-111-c2 position-relative\">\n    <!---->\n    <!---->\n    <div class=\"h-section-grid-container h-section-boxed-container\">\n      <!---->\n      <div data-colibri-id=\"111-c3\" class=\"h-row-container gutters-row-lg-1 gutters-row-md-1 gutters-row-0 gutters-row-v-lg-1 gutters-row-v-md-1 gutters-row-v-1 style-830 style-local-111-c3 position-relative\">\n        <!---->\n        <div class=\"h-row justify-content-lg-center justify-content-md-center justify-content-center align-items-lg-stretch align-items-md-stretch align-items-stretch gutters-col-lg-1 gutters-col-md-1 gutters-col-0 gutters-col-v-lg-1 gutters-col-v-md-1 gutters-col-v-1\">\n          <!---->\n          <div class=\"h-column h-column-container d-flex h-col-lg-auto h-col-md-auto h-col-auto style-831-outer style-local-111-c4-outer\">\n            <div data-colibri-id=\"111-c4\" class=\"d-flex h-flex-basis h-column__inner h-px-lg-1 h-px-md-1 h-px-1 v-inner-lg-1 v-inner-md-1 v-inner-1 style-831 style-local-111-c4 position-relative\">\n              <!---->\n              <!---->\n              <div class=\"w-100 h-y-container h-column__content h-column__v-align flex-basis-100 align-self-lg-start align-self-md-start align-self-start\">\n                <!---->\n                <div data-colibri-id=\"111-c5\" class=\"h-text h-text-component style-833 style-local-111-c5 position-relative h-element\">\n                  <!---->\n                  <!---->\n                  <div class=\"\">\n                    <p>Historique<\/p>\n                  <\/div>\n                <\/div>\n              <\/div>\n            <\/div>\n          <\/div>\n        <\/div>\n      <\/div>\n      <div data-colibri-id=\"111-c6\" class=\"h-row-container gutters-row-lg-2 gutters-row-md-2 gutters-row-0 gutters-row-v-lg-2 gutters-row-v-md-2 gutters-row-v-2 style-639 style-local-111-c6 position-relative\">\n        <!---->\n        <div class=\"h-row justify-content-lg-center justify-content-md-center justify-content-center align-items-lg-stretch align-items-md-stretch align-items-stretch gutters-col-lg-2 gutters-col-md-2 gutters-col-0 gutters-col-v-lg-2 gutters-col-v-md-2 gutters-col-v-2\">\n          <!---->\n          <div class=\"h-column h-column-container d-flex h-col-lg-auto h-col-md-auto h-col-auto style-640-outer style-local-111-c7-outer\">\n            <div data-colibri-id=\"111-c7\" class=\"d-flex h-flex-basis h-column__inner h-px-lg-2 h-px-md-2 h-px-2 v-inner-lg-2 v-inner-md-2 v-inner-2 style-640 style-local-111-c7 position-relative\">\n              <!---->\n              <!---->\n              <div class=\"w-100 h-y-container h-column__content h-column__v-align flex-basis-100 align-self-lg-start align-self-md-start align-self-start\">\n                <!---->\n                <div data-colibri-id=\"111-c8\" class=\"h-text h-text-component style-642 style-local-111-c8 position-relative h-element\">\n                  <!---->\n                  <!---->\n                  <div class=\"\">\n                    <p><strong><em>L<\/em><\/strong>\u2019<strong><em>Harmonie Royale Union de Lorette<\/em><\/strong>&nbsp;a \u00e9t\u00e9 fond\u00e9e en 1851, tirant sa d\u00e9nomination de la chapelle Notre-Dame de Lorette \u00e9rig\u00e9e au faubourg de Bruxelles. De nombreuses ann\u00e9es plus\n                      tard, en 1980, notre soci\u00e9t\u00e9 musicale est devenue Harmonie.\n                      <br> Depuis 1952, l\u2019harmonie est class\u00e9e en premi\u00e8re cat\u00e9gorie au tournoi des rencontres provinciales du Hainaut et, tous les 4 ans, la soci\u00e9t\u00e9 se pr\u00e9sente devant un jury constitu\u00e9 de professionnels de haut niveau parmi lesquels des\n                      directeurs et professeurs de conservatoire.\n                      <br> Fort d\u2019un noyau de musiciens amateurs issus pour la plupart de la r\u00e9gion d\u2019Ath et afin de perp\u00e9tuer l\u2019esprit soci\u00e9taire qui anime notre groupe depuis sa fondation, nous nous r\u00e9unissons les vendredis pour r\u00e9p\u00e9ter \u00e0 la Salle interg\u00e9n\u00e9rationnelle\n                      pr\u00e8s de l\u2019Esplanade.\n                      <br> Notre soci\u00e9t\u00e9 anime, avec le concours de sa clique, des cort\u00e8ges principalement en Belgique mais \u00e9galement en France. Lors des festivit\u00e9s de la ducasse d\u2019Ath, nous faisons valser Mam\u2019zelle Victoire depuis de nombreuses ann\u00e9es.\n                      <br> L\u2019Harmonie est aussi connue pour ses concerts, parmi lesquels le traditionnel concert de cl\u00f4ture de la ducasse d\u2019Ath, le \u00ab huit de septembre \u00bb.\n                      <br> Notre soci\u00e9t\u00e9 musicale est actuellement dirig\u00e9e par Mr C\u00e9dric Degouys second\u00e9 par Mr Fr\u00e9d\u00e9ric Dupont .\n                      <br> L\u2019Union de Lorette est g\u00e9r\u00e9e par un Comit\u00e9 compos\u00e9 de 10 membres, la pr\u00e9sidence et la vice-pr\u00e9sidence \u00e9tant assur\u00e9es respectivement par M\n                      <sup>mes <\/sup>Sophie Blave et C\u00e9line Leleux<\/p>\n                  <\/div>\n                <\/div>\n              <\/div>\n            <\/div>\n          <\/div>\n        <\/div>\n      <\/div>\n    <\/div>\n  <\/div>\n<\/div>","protected":false},"excerpt":{"rendered":"<p>Historique L\u2019Harmonie Royale Union de Lorette&nbsp;a \u00e9t\u00e9 fond\u00e9e en 1851, tirant sa d\u00e9nomination de la chapelle Notre-Dame de Lorette \u00e9rig\u00e9e au faubourg de Bruxelles. De nombreuses ann\u00e9es plus tard, en 1980, notre soci\u00e9t\u00e9 musicale est devenue Harmonie. Depuis 1952, l\u2019harmonie est class\u00e9e en premi\u00e8re cat\u00e9gorie au tournoi des rencontres provinciales du Hainaut et, tous les [&hellip;]<\/p>\n","protected":false},"author":1,"featured_media":0,"parent":0,"menu_order":4,"comment_status":"closed","ping_status":"closed","template":"page-templates\/full-width-page.php","meta":{"footnotes":""},"class_list":["post-111","page","type-page","status-publish","hentry"],"_links":{"self":[{"href":"https:\/\/harmonieuniondelorette.be\/index.php\/wp-json\/wp\/v2\/pages\/111","targetHints":{"allow":["GET"]}}],"collection":[{"href":"https:\/\/harmonieuniondelorette.be\/index.php\/wp-json\/wp\/v2\/pages"}],"about":[{"href":"https:\/\/harmonieuniondelorette.be\/index.php\/wp-json\/wp\/v2\/types\/page"}],"author":[{"embeddable":true,"href":"https:\/\/harmonieuniondelorette.be\/index.php\/wp-json\/wp\/v2\/users\/1"}],"replies":[{"embeddable":true,"href":"https:\/\/harmonieuniondelorette.be\/index.php\/wp-json\/wp\/v2\/comments?post=111"}],"version-history":[{"count":9,"href":"https:\/\/harmonieuniondelorette.be\/index.php\/wp-json\/wp\/v2\/pages\/111\/revisions"}],"predecessor-version":[{"id":2179,"href":"https:\/\/harmonieuniondelorette.be\/index.php\/wp-json\/wp\/v2\/pages\/111\/revisions\/2179"}],"wp:attachment":[{"href":"https:\/\/harmonieuniondelorette.be\/index.php\/wp-json\/wp\/v2\/media?parent=111"}],"curies":[{"name":"wp","href":"https:\/\/api.w.org\/{rel}","templated":true}]}}