{"id":147,"date":"2019-11-03T16:37:45","date_gmt":"2019-11-03T15:37:45","guid":{"rendered":"http:\/\/harmonieuniondelorette.be\/?page_id=147"},"modified":"2025-03-22T07:01:18","modified_gmt":"2025-03-22T06:01:18","slug":"ecole-de-musique","status":"publish","type":"page","link":"https:\/\/harmonieuniondelorette.be\/index.php\/ecole-de-musique\/","title":{"rendered":"Ecole de musique"},"content":{"rendered":"<div data-colibri-id=\"147-c1\" class=\"style-838 style-local-147-c1 position-relative\">\n  <!---->\n  <div data-colibri-component=\"section\" data-colibri-id=\"147-c2\" id=\"initial-content\" class=\"h-section h-section-global-spacing d-flex align-items-lg-center align-items-md-center align-items-center style-839 style-local-147-c2 position-relative\">\n    <!---->\n    <!---->\n    <div class=\"h-section-grid-container h-section-boxed-container\">\n      <!---->\n      <div data-colibri-id=\"147-c3\" class=\"h-row-container gutters-row-lg-1 gutters-row-md-1 gutters-row-0 gutters-row-v-lg-1 gutters-row-v-md-1 gutters-row-v-1 style-843 style-local-147-c3 position-relative\">\n        <!---->\n        <div class=\"h-row justify-content-lg-center justify-content-md-center justify-content-center align-items-lg-stretch align-items-md-stretch align-items-stretch gutters-col-lg-1 gutters-col-md-1 gutters-col-0 gutters-col-v-lg-1 gutters-col-v-md-1 gutters-col-v-1\">\n          <!---->\n          <div class=\"h-column h-column-container d-flex h-col-lg-auto h-col-md-auto h-col-auto style-844-outer style-local-147-c4-outer\">\n            <div data-colibri-id=\"147-c4\" class=\"d-flex h-flex-basis h-column__inner h-px-lg-1 h-px-md-1 h-px-1 v-inner-lg-1 v-inner-md-1 v-inner-1 style-844 style-local-147-c4 position-relative\">\n              <!---->\n              <!---->\n              <div class=\"w-100 h-y-container h-column__content h-column__v-align flex-basis-100 align-self-lg-start align-self-md-start align-self-start\">\n                <!---->\n                <div data-colibri-id=\"147-c5\" class=\"h-text h-text-component style-846 style-local-147-c5 position-relative h-element\">\n                  <!---->\n                  <!---->\n                  <div class=\"\">\n                    <p>Ecole de musique<\/p>\n                  <\/div>\n                <\/div>\n              <\/div>\n            <\/div>\n          <\/div>\n        <\/div>\n      <\/div>\n      <div data-colibri-id=\"147-c6\" class=\"h-row-container gutters-row-lg-0 gutters-row-md-0 gutters-row-0 gutters-row-v-lg-0 gutters-row-v-md-0 gutters-row-v-0 style-840 style-local-147-c6 position-relative\">\n        <!---->\n        <div class=\"h-row justify-content-lg-center justify-content-md-center justify-content-center align-items-lg-stretch align-items-md-stretch align-items-stretch gutters-col-lg-0 gutters-col-md-0 gutters-col-0 gutters-col-v-lg-0 gutters-col-v-md-0 gutters-col-v-0\">\n          <!---->\n          <div class=\"h-column h-column-container d-flex h-col-lg-auto h-col-md-auto h-col-auto style-841-outer style-local-147-c7-outer\">\n            <div data-colibri-id=\"147-c7\" class=\"d-flex h-flex-basis h-column__inner h-px-lg-1 h-px-md-1 h-px-1 v-inner-lg-1 v-inner-md-1 v-inner-1 style-841 style-local-147-c7 position-relative\">\n              <!---->\n              <!---->\n              <div class=\"w-100 h-y-container h-column__content h-column__v-align flex-basis-100 align-self-lg-start align-self-md-start align-self-start\">\n                <!---->\n                <div data-colibri-id=\"147-c8\" class=\"h-text h-text-component style-895 style-local-147-c8 position-relative h-element\">\n                  <!---->\n                  <!---->\n                  <div class=\"\">\n                    <p>Actuellement notre \u00e9cole ne prend plus de nouveaux \u00e9l\u00e8ves, seuls les cours de tambour sont encore ouverts\n                      <br>\n                      <br> Si vous connaissez ou \u00eates sollicit\u00e9s par des personnes d\u00e9sireuses de rejoindre l\u2019\u00e9cole, n\u2019h\u00e9sitez pas \u00e0 les diriger vers le responsable de l\u2019\u00e9cole de musique ou vers le pr\u00e9sident de l\u2019Harmonie. Ils se feront un plaisir de les renseigner.\n                      <br>\n                      <br> <\/p>\n                    <p><strong style=\"font-size: 14px; font-family: &quot;Open Sans&quot;; color: rgb(70, 112, 127);\"><u>Lorette en Herbe :<\/u><\/strong>\n                      <br><span style=\"font-size: 14px; font-weight: 400; font-family: &quot;Open Sans&quot;; color: rgb(70, 112, 127);\">Lorsque l\u2019\u00e9l\u00e8ve ma\u00eetrise suffisamment son instrument, il aura la possibilit\u00e9 de rejoindre le \u00ab&nbsp;petit&nbsp;\u00bb ensemble de Lorette en Herbe dont le but est d\u2019apprendre la pratique de la musique ensemble, ce qui est diff\u00e9rent de la pratique seul(e) au cours ou \u00e0 domicile. Ils seront entour\u00e9s par une dizaine de musiciens de l\u2019harmonie afin d\u2019\u00eatre soutenu dans cette apprentissage.<\/span>\n                      <br>\n                      <br><span style=\"font-size: 14px; font-weight: 400; font-family: &quot;Open Sans&quot;; color: rgb(70, 112, 127);\">L\u2019Harmonie Royale Union de Lorette vous souhaite \u00e0 toutes et \u00e0 tous beaucoup de plaisir dans l\u2019apprentissage de la musique<\/span><\/p>\n                    <p>\n                      <br>\n                    <\/p>\n                  <\/div>\n                <\/div>\n              <\/div>\n            <\/div>\n          <\/div>\n        <\/div>\n      <\/div>\n    <\/div>\n  <\/div>\n<\/div>","protected":false},"excerpt":{"rendered":"<p>Ecole de musique Actuellement notre \u00e9cole ne prend plus de nouveaux \u00e9l\u00e8ves, seuls les cours de tambour sont encore ouverts Si vous connaissez ou \u00eates sollicit\u00e9s par des personnes d\u00e9sireuses de rejoindre l\u2019\u00e9cole, n\u2019h\u00e9sitez pas \u00e0 les diriger vers le responsable de l\u2019\u00e9cole de musique ou vers le pr\u00e9sident de l\u2019Harmonie. Ils se feront un [&hellip;]<\/p>\n","protected":false},"author":1,"featured_media":0,"parent":0,"menu_order":6,"comment_status":"closed","ping_status":"closed","template":"page-templates\/full-width-page.php","meta":{"footnotes":""},"class_list":["post-147","page","type-page","status-publish","hentry"],"_links":{"self":[{"href":"https:\/\/harmonieuniondelorette.be\/index.php\/wp-json\/wp\/v2\/pages\/147","targetHints":{"allow":["GET"]}}],"collection":[{"href":"https:\/\/harmonieuniondelorette.be\/index.php\/wp-json\/wp\/v2\/pages"}],"about":[{"href":"https:\/\/harmonieuniondelorette.be\/index.php\/wp-json\/wp\/v2\/types\/page"}],"author":[{"embeddable":true,"href":"https:\/\/harmonieuniondelorette.be\/index.php\/wp-json\/wp\/v2\/users\/1"}],"replies":[{"embeddable":true,"href":"https:\/\/harmonieuniondelorette.be\/index.php\/wp-json\/wp\/v2\/comments?post=147"}],"version-history":[{"count":20,"href":"https:\/\/harmonieuniondelorette.be\/index.php\/wp-json\/wp\/v2\/pages\/147\/revisions"}],"predecessor-version":[{"id":3340,"href":"https:\/\/harmonieuniondelorette.be\/index.php\/wp-json\/wp\/v2\/pages\/147\/revisions\/3340"}],"wp:attachment":[{"href":"https:\/\/harmonieuniondelorette.be\/index.php\/wp-json\/wp\/v2\/media?parent=147"}],"curies":[{"name":"wp","href":"https:\/\/api.w.org\/{rel}","templated":true}]}}