{"id":2,"date":"2019-10-29T09:04:15","date_gmt":"2019-10-29T08:04:15","guid":{"rendered":"http:\/\/harmonieuniondelorette.be\/?page_id=2"},"modified":"2026-04-07T07:41:07","modified_gmt":"2026-04-07T05:41:07","slug":"accueil","status":"publish","type":"page","link":"https:\/\/harmonieuniondelorette.be\/","title":{"rendered":"Accueil"},"content":{"rendered":"<div data-colibri-id=\"2-c1\" class=\"style-604 style-local-2-c1 position-relative\">\n  <!---->\n  <div data-colibri-component=\"section\" data-colibri-id=\"2-c2\" id=\"initial-content\" class=\"h-section h-section-global-spacing d-flex align-items-lg-center align-items-md-center align-items-center style-605 style-local-2-c2 position-relative\">\n    <!---->\n    <!---->\n    <div class=\"h-section-grid-container h-section-boxed-container\">\n      <div data-colibri-id=\"2-c26\" class=\"h-row-container gutters-row-lg-0 gutters-row-md-0 gutters-row-0 gutters-row-v-lg-0 gutters-row-v-md-0 gutters-row-v-0 style-1023 style-local-2-c26 position-relative\">\n        <!---->\n        <div class=\"h-row justify-content-lg-center justify-content-md-center justify-content-center align-items-lg-stretch align-items-md-stretch align-items-stretch gutters-col-lg-0 gutters-col-md-0 gutters-col-0 gutters-col-v-lg-0 gutters-col-v-md-0 gutters-col-v-0\">\n          <!---->\n          <div class=\"h-column h-column-container d-flex h-col-lg-auto h-col-md-auto h-col-auto style-1024-outer style-local-2-c27-outer\">\n            <div data-colibri-id=\"2-c27\" class=\"d-flex h-flex-basis h-column__inner h-ui-empty-state-container h-px-lg-0 h-px-md-0 h-px-0 v-inner-lg-0 v-inner-md-0 v-inner-0 style-1024 style-local-2-c27 position-relative\">\n              <!---->\n              <!---->\n              <div class=\"w-100 h-y-container h-column__content h-column__v-align flex-basis-100\">\n                <!---->\n              <\/div>\n            <\/div>\n          <\/div>\n          <div class=\"h-column h-column-container d-flex h-col-lg-auto h-col-md-auto h-col-auto style-1338-outer style-local-2-c29-outer\">\n            <div data-colibri-id=\"2-c29\" class=\"d-flex h-flex-basis h-column__inner h-px-lg-2 h-px-md-2 h-px-2 v-inner-lg-2 v-inner-md-2 v-inner-2 style-1338 style-local-2-c29 position-relative\">\n              <!---->\n              <!---->\n              <div class=\"w-100 h-y-container h-column__content h-column__v-align flex-basis-100 align-self-lg-start align-self-md-start align-self-start\">\n                <!---->\n                <div data-colibri-id=\"2-c30\" class=\"h-text h-text-component style-1340 style-local-2-c30 position-relative h-element\">\n                  <!---->\n                  <!---->\n                  <div class=\"\">\n                    <h1>\n                      <br>Accueil<\/h1>\n                    <p>\n                      <br>\n                    <\/p>\n                  <\/div>\n                <\/div>\n              <\/div>\n            <\/div>\n          <\/div>\n          <div class=\"h-column h-column-container d-flex h-col-lg-auto h-col-md-auto h-col-auto style-1343-outer style-local-2-c31-outer\">\n            <div data-colibri-id=\"2-c31\" class=\"d-flex h-flex-basis h-column__inner h-px-lg-2 h-px-md-2 h-px-2 v-inner-lg-2 v-inner-md-2 v-inner-2 style-1343 style-local-2-c31 position-relative\">\n              <!---->\n              <!---->\n              <div class=\"w-100 h-y-container h-column__content h-column__v-align flex-basis-100 align-self-lg-start align-self-md-start align-self-start\">\n                <!---->\n                <div data-colibri-id=\"2-c32\" class=\"h-text h-text-component style-1344 style-local-2-c32 position-relative h-element\">\n                  <!---->\n                  <!---->\n                  <div class=\"\">\n                    <p>&nbsp;06 avril 2026<\/p>\n                  <\/div>\n                <\/div>\n                <div data-colibri-id=\"2-c28\" class=\"d-block style-1341 style-local-2-c28 position-relative h-element\">\n                  <!---->\n                  <div class=\"h-image__frame-container-outer\">\n                    <div class=\"h-image__frame-container\">\n                      <!---->\n                      <!---->\n                      <img decoding=\"async\" src=\"https:\/\/harmonieuniondelorette.be\/wp-content\/uploads\/2026\/03\/cropped-cropped-cropped-20260304_193702-300x204.jpg\" class=\"style-1341-image style-local-2-c28-image\">\n                      <div class=\"h-image__frame h-hide-lg h-hide-md h-hide-sm style-1341-frameImage style-local-2-c28-frameImage\"><\/div>\n                    <\/div>\n                  <\/div>\n                <\/div>\n              <\/div>\n            <\/div>\n          <\/div>\n        <\/div>\n      <\/div>\n      <div data-colibri-id=\"2-c3\" class=\"h-row-container gutters-row-lg-1 gutters-row-md-1 gutters-row-0 gutters-row-v-lg-1 gutters-row-v-md-1 gutters-row-v-1 style-1275 style-local-2-c3 position-relative\">\n        <!---->\n        <div class=\"h-row justify-content-lg-end justify-content-md-end justify-content-end align-items-lg-stretch align-items-md-stretch align-items-stretch gutters-col-lg-1 gutters-col-md-1 gutters-col-0 gutters-col-v-lg-1 gutters-col-v-md-1 gutters-col-v-1\">\n          <!---->\n          <div class=\"h-column h-column-container d-flex h-col-lg-auto h-col-md-auto h-col-auto style-1276-outer style-local-2-c4-outer\">\n            <div data-colibri-id=\"2-c4\" class=\"d-flex h-flex-basis h-column__inner h-px-lg-1 h-px-md-1 h-px-1 v-inner-lg-1 v-inner-md-1 v-inner-1 style-1276 style-local-2-c4 position-relative\">\n              <!---->\n              <!---->\n              <div class=\"w-100 h-y-container h-column__content h-column__v-align flex-basis-100 align-self-lg-start align-self-md-start align-self-start\">\n                <!---->\n                <div data-colibri-id=\"2-c5\" class=\"h-text h-text-component style-1278 style-local-2-c5 position-relative h-element\">\n                  <!---->\n                  <!---->\n                  <div class=\"\">\n                    <p>Prestation<\/p>\n                  <\/div>\n                <\/div>\n              <\/div>\n            <\/div>\n          <\/div>\n          <div class=\"h-column h-column-container d-flex h-col-lg-auto h-col-md-auto h-col-auto style-1277-outer style-local-2-c6-outer\">\n            <div data-colibri-id=\"2-c6\" class=\"d-flex h-flex-basis h-column__inner h-px-lg-1 h-px-md-1 h-px-1 v-inner-lg-1 v-inner-md-1 v-inner-1 style-1277 style-local-2-c6 position-relative\">\n              <!---->\n              <!---->\n              <div class=\"w-100 h-y-container h-column__content h-column__v-align flex-basis-100 align-self-lg-start align-self-md-start align-self-start\">\n                <!---->\n                <div data-colibri-id=\"2-c7\" class=\"h-text h-text-component style-1279 style-local-2-c7 position-relative h-element\">\n                  <!---->\n                  <!---->\n                  <div class=\"\">\n                    <p><strong style=\"font-size: 16px; font-family: Muli; color: rgb(3, 169, 244);\">&nbsp;Dimanche 12 avril&nbsp;: sortie \u00e0 Ormeignies&nbsp;<\/strong><\/p>\n                  <\/div>\n                <\/div>\n              <\/div>\n            <\/div>\n          <\/div>\n        <\/div>\n      <\/div>\n      <div data-colibri-id=\"2-c8\" class=\"h-row-container gutters-row-lg-2 gutters-row-md-2 gutters-row-0 gutters-row-v-lg-2 gutters-row-v-md-2 gutters-row-v-2 style-1306 style-local-2-c8 position-relative\">\n        <!---->\n        <div class=\"h-row justify-content-lg-center justify-content-md-center justify-content-center align-items-lg-stretch align-items-md-stretch align-items-stretch gutters-col-lg-2 gutters-col-md-2 gutters-col-0 gutters-col-v-lg-2 gutters-col-v-md-2 gutters-col-v-2\">\n          <!---->\n          <div class=\"h-column h-column-container d-flex h-col-lg-auto h-col-md-auto h-col-auto style-1307-outer style-local-2-c9-outer\">\n            <div data-colibri-id=\"2-c9\" class=\"d-flex h-flex-basis h-column__inner h-px-lg-2 h-px-md-2 h-px-2 v-inner-lg-2 v-inner-md-2 v-inner-2 style-1307 style-local-2-c9 position-relative\">\n              <!---->\n              <!---->\n              <div class=\"w-100 h-y-container h-column__content h-column__v-align flex-basis-100 align-self-lg-start align-self-md-start align-self-start\">\n                <!---->\n                <div data-colibri-id=\"2-c10\" class=\"d-block style-1309 style-local-2-c10 position-relative h-element\">\n                  <!---->\n                  <div class=\"h-image__frame-container-outer\">\n                    <div class=\"h-image__frame-container\">\n                      <!---->\n                      <!---->\n                      <img loading=\"lazy\" decoding=\"async\" width=\"113\" height=\"113\" src=\"https:\/\/harmonieuniondelorette.be\/wp-content\/uploads\/2019\/11\/cropped-cropped-cropped-cropped-cropped-Logo-Union-de-Lorette-1.png\" class=\"wp-image-2427 style-1309-image style-local-2-c10-image\" alt=\"\" \/>\n                      <div class=\"h-image__frame h-hide-lg h-hide-md h-hide-sm style-1309-frameImage style-local-2-c10-frameImage\"><\/div>\n                    <\/div>\n                  <\/div>\n                <\/div>\n              <\/div>\n            <\/div>\n          <\/div>\n        <\/div>\n      <\/div>\n      <div data-colibri-id=\"2-c11\" class=\"h-row-container gutters-row-lg-2 gutters-row-md-2 gutters-row-0 gutters-row-v-lg-2 gutters-row-v-md-2 gutters-row-v-2 style-1298 style-local-2-c11 position-relative\">\n        <!---->\n        <div class=\"h-row justify-content-lg-center justify-content-md-center justify-content-center align-items-lg-stretch align-items-md-stretch align-items-stretch gutters-col-lg-2 gutters-col-md-2 gutters-col-0 gutters-col-v-lg-2 gutters-col-v-md-2 gutters-col-v-2\">\n          <!---->\n          <div class=\"h-column h-column-container d-flex h-col-lg-auto h-col-md-auto h-col-auto style-1299-outer style-local-2-c12-outer\">\n            <div data-colibri-id=\"2-c12\" class=\"d-flex h-flex-basis h-column__inner h-px-lg-2 h-px-md-2 h-px-2 v-inner-lg-2 v-inner-md-2 v-inner-2 style-1299 style-local-2-c12 position-relative\">\n              <!---->\n              <!---->\n              <div class=\"w-100 h-y-container h-column__content h-column__v-align flex-basis-100 align-self-lg-start align-self-md-start align-self-start\">\n                <!---->\n                <div data-colibri-id=\"2-c13\" class=\"h-text h-text-component style-1301 style-local-2-c13 position-relative h-element\">\n                  <!---->\n                  <!---->\n                  <div class=\"\">\n                    <p><span>Bienvenue sur le site de&nbsp;<\/span><strong><em><span>Harmonie Royale Union de Lorette<\/span><\/em><\/strong><span>.<\/span><\/p>\n                    <p>Pas de f\u00eates sans Lorette :\n                      <br>L\u2019Union de Lorette ne se produit pas seulement lors de ducasses ou de concerts. Nous pouvons \u00e9galement venir apporter une touche musicale \u00ab&nbsp;athoise&nbsp;\u00bb lors de vos animations familiales, \u2026<span><br><\/span><\/p>\n                    <p>Les r\u00e9p\u00e9titions :\n                      <br>L\u2019Harmonie r\u00e9p\u00e8te tous les vendredis soirs \u00e0 20h. Notre local est situ\u00e9 \u00e0 la salle interg\u00e9n\u00e9rationnelle, rue Defacqz, en face du parc de l\u2019Esplanade \u00e0 Ath.<span><br><\/span><\/p>\n                    <p>Voici notre affiche du gala qui se d\u00e9roulera le samedi 19 octobre et la 2\u00e8me journ\u00e9e des rencontres musicales le dimanche 20 octobre<\/p>\n                  <\/div>\n                <\/div>\n              <\/div>\n            <\/div>\n          <\/div>\n        <\/div>\n      <\/div>\n      <div data-colibri-id=\"2-c14\" class=\"h-row-container gutters-row-lg-2 gutters-row-md-2 gutters-row-0 gutters-row-v-lg-2 gutters-row-v-md-2 gutters-row-v-2 style-1302 style-local-2-c14 position-relative\">\n        <!---->\n        <div class=\"h-row justify-content-lg-center justify-content-md-center justify-content-center align-items-lg-stretch align-items-md-stretch align-items-stretch gutters-col-lg-2 gutters-col-md-2 gutters-col-0 gutters-col-v-lg-2 gutters-col-v-md-2 gutters-col-v-2\">\n          <!---->\n          <div class=\"h-column h-column-container d-flex h-col-lg-auto h-col-md-auto h-col-auto style-1303-outer style-local-2-c15-outer\">\n            <div data-colibri-id=\"2-c15\" class=\"d-flex h-flex-basis h-column__inner h-px-lg-2 h-px-md-2 h-px-2 v-inner-lg-2 v-inner-md-2 v-inner-2 style-1303 style-local-2-c15 position-relative\">\n              <!---->\n              <!---->\n              <div class=\"w-100 h-y-container h-column__content h-column__v-align flex-basis-100 align-self-lg-start align-self-md-start align-self-start\">\n                <!---->\n                <div data-colibri-id=\"2-c16\" class=\"d-block style-1305 style-local-2-c16 position-relative h-element\">\n                  <!---->\n                  <div class=\"h-image__frame-container-outer\">\n                    <div class=\"h-image__frame-container\">\n                      <!---->\n                      <!---->\n                      <img loading=\"lazy\" decoding=\"async\" width=\"113\" height=\"113\" src=\"https:\/\/harmonieuniondelorette.be\/wp-content\/uploads\/2019\/11\/cropped-cropped-cropped-cropped-cropped-Logo-Union-de-Lorette-1.png\" class=\"wp-image-2427 style-1305-image style-local-2-c16-image\" alt=\"\" \/>\n                      <div class=\"h-image__frame h-hide-lg h-hide-md h-hide-sm style-1305-frameImage style-local-2-c16-frameImage\"><\/div>\n                    <\/div>\n                  <\/div>\n                <\/div>\n              <\/div>\n            <\/div>\n          <\/div>\n        <\/div>\n      <\/div>\n      <div data-colibri-id=\"2-c17\" class=\"h-row-container gutters-row-lg-2 gutters-row-md-2 gutters-row-0 gutters-row-v-lg-2 gutters-row-v-md-2 gutters-row-v-2 style-1271 style-local-2-c17 position-relative\">\n        <!---->\n        <div class=\"h-row justify-content-lg-center justify-content-md-center justify-content-center align-items-lg-stretch align-items-md-stretch align-items-stretch gutters-col-lg-2 gutters-col-md-2 gutters-col-0 gutters-col-v-lg-2 gutters-col-v-md-2 gutters-col-v-2\">\n          <!---->\n          <div class=\"h-column h-column-container d-flex h-col-lg-auto h-col-md-auto h-col-auto style-1272-outer style-local-2-c18-outer\">\n            <div data-colibri-id=\"2-c18\" class=\"d-flex h-flex-basis h-column__inner h-px-lg-2 h-px-md-2 h-px-2 v-inner-lg-2 v-inner-md-2 v-inner-2 style-1272 style-local-2-c18 position-relative\">\n              <!---->\n              <!---->\n              <div class=\"w-100 h-y-container h-column__content h-column__v-align flex-basis-100 align-self-lg-start align-self-md-start align-self-start\">\n                <!---->\n                <div data-colibri-id=\"2-c19\" class=\"h-text h-text-component style-1274 style-local-2-c19 position-relative h-element\">\n                  <!---->\n                  <!---->\n                  <div class=\"\">\n                    <p>C\u2019est avec une grande tristesse que nous avons appris le d\u00e9c\u00e8s de notre Pr\u00e9sident d\u2019honneur Monsieur Andr\u00e9 Verplaetse le 11 f\u00e9vrier 2025.<\/p>\n                    <p>Tout au long de sa longue vie, Monsieur Verplaetse n\u2019a m\u00e9nag\u00e9 ni son temps ni ses efforts pour faire vivre sa fanfare, l\u2019Harmonie Royale Union de Lorette, que ce soit en sa qualit\u00e9 de musicien, de membre actif ou de pr\u00e9sident d\u2019honneur.&nbsp;&nbsp;Avec\n                      d&rsquo;autres anciens qui nous ont d\u00e9j\u00e0 quitt\u00e9s, il a largement contribu\u00e9 \u00e0 la p\u00e9rennit\u00e9 de l&rsquo;Union de Lorette.<\/p>\n                    <p>Ces derni\u00e8res ann\u00e9es, malgr\u00e9 son \u00e9loignement de la cit\u00e9, il tenait en sa qualit\u00e9 de Pr\u00e9sident d\u2019honneur \u00e0 \u00eatre \u00e0 nos c\u00f4t\u00e9s lors du cort\u00e8ge de la Ducasse d\u2019Ath en nous offrait le verre de l\u2019amiti\u00e9 sur le parcours, geste symbolique et\n                      touchant, t\u00e9moignant son attachement ind\u00e9fectible \u00e0 sa fanfare.<\/p>\n                  <\/div>\n                <\/div>\n              <\/div>\n            <\/div>\n          <\/div>\n        <\/div>\n      <\/div>\n      <div data-colibri-id=\"2-c20\" class=\"h-row-container gutters-row-lg-2 gutters-row-md-2 gutters-row-0 gutters-row-v-lg-2 gutters-row-v-md-2 gutters-row-v-2 style-1287 style-local-2-c20 position-relative\">\n        <!---->\n        <div class=\"h-row justify-content-lg-center justify-content-md-center justify-content-center align-items-lg-stretch align-items-md-stretch align-items-stretch gutters-col-lg-2 gutters-col-md-2 gutters-col-0 gutters-col-v-lg-2 gutters-col-v-md-2 gutters-col-v-2\">\n          <!---->\n          <div class=\"h-column h-column-container d-flex h-col-lg-auto h-col-md-auto h-col-auto style-1288-outer style-local-2-c21-outer\">\n            <div data-colibri-id=\"2-c21\" class=\"d-flex h-flex-basis h-column__inner h-px-lg-2 h-px-md-2 h-px-2 v-inner-lg-2 v-inner-md-2 v-inner-2 style-1288 style-local-2-c21 position-relative\">\n              <!---->\n              <!---->\n              <div class=\"w-100 h-y-container h-column__content h-column__v-align flex-basis-100 align-self-lg-start align-self-md-start align-self-start\">\n                <!---->\n                <div data-colibri-id=\"2-c22\" class=\"d-block style-1266 style-local-2-c22 position-relative h-element\">\n                  <!---->\n                  <div class=\"h-image__frame-container-outer\">\n                    <div class=\"h-image__frame-container\">\n                      <!---->\n                      <!---->\n                      <img loading=\"lazy\" decoding=\"async\" width=\"2034\" height=\"1356\" src=\"https:\/\/harmonieuniondelorette.be\/wp-content\/uploads\/2025\/02\/cropped-Monsieur-Andre-Verplaetse.jpg\" class=\"wp-image-3277 style-1266-image style-local-2-c22-image\" alt=\"\" srcset=\"https:\/\/harmonieuniondelorette.be\/wp-content\/uploads\/2025\/02\/cropped-Monsieur-Andre-Verplaetse.jpg 2034w, https:\/\/harmonieuniondelorette.be\/wp-content\/uploads\/2025\/02\/cropped-Monsieur-Andre-Verplaetse-300x200.jpg 300w, https:\/\/harmonieuniondelorette.be\/wp-content\/uploads\/2025\/02\/cropped-Monsieur-Andre-Verplaetse-1024x683.jpg 1024w, https:\/\/harmonieuniondelorette.be\/wp-content\/uploads\/2025\/02\/cropped-Monsieur-Andre-Verplaetse-768x512.jpg 768w, https:\/\/harmonieuniondelorette.be\/wp-content\/uploads\/2025\/02\/cropped-Monsieur-Andre-Verplaetse-1536x1024.jpg 1536w\" sizes=\"auto, (max-width: 2034px) 100vw, 2034px\" \/>\n                      <div class=\"h-image__frame h-hide-lg h-hide-md h-hide-sm style-1266-frameImage style-local-2-c22-frameImage\"><\/div>\n                    <\/div>\n                  <\/div>\n                <\/div>\n              <\/div>\n            <\/div>\n          <\/div>\n        <\/div>\n      <\/div>\n      <div data-colibri-id=\"2-c23\" class=\"h-row-container gutters-row-lg-2 gutters-row-md-2 gutters-row-0 gutters-row-v-lg-2 gutters-row-v-md-2 gutters-row-v-2 style-1285 style-local-2-c23 position-relative\">\n        <!---->\n        <div class=\"h-row justify-content-lg-center justify-content-md-center justify-content-center align-items-lg-stretch align-items-md-stretch align-items-stretch gutters-col-lg-2 gutters-col-md-2 gutters-col-0 gutters-col-v-lg-2 gutters-col-v-md-2 gutters-col-v-2\">\n          <!---->\n          <div class=\"h-column h-column-container d-flex h-col-lg-auto h-col-md-auto h-col-auto style-1286-outer style-local-2-c24-outer\">\n            <div data-colibri-id=\"2-c24\" class=\"d-flex h-flex-basis h-column__inner h-px-lg-2 h-px-md-2 h-px-2 v-inner-lg-2 v-inner-md-2 v-inner-2 style-1286 style-local-2-c24 position-relative\">\n              <!---->\n              <!---->\n              <div class=\"w-100 h-y-container h-column__content h-column__v-align flex-basis-100 align-self-lg-center align-self-md-center align-self-center\">\n                <!---->\n                <div data-colibri-id=\"2-c25\" class=\"h-text h-text-component style-1284 style-local-2-c25 position-relative h-element\">\n                  <!---->\n                  <!---->\n                  <div class=\"\">\n                    <p>La derni\u00e8re rencontre de notre harmonie avec Monsieur Verplaetse, accompagn\u00e9 de son \u00e9pouse Flora Hubeaux, fut lors de leurs noces de Platine le 22 juillet 2023.&nbsp;&nbsp;L\u2019occasion de partager un moment festif avec plusieurs&nbsp;membres\n                      de sa famille qui ont \u00e9galement, et gr\u00e2ce \u00e0 lui,&nbsp;particip\u00e9 activement en tant que musiciens \u00e0 la vie de la Royale Union de Lorette.<\/p>\n                    <p>Pour beaucoup d\u2019anciennes et d\u2019anciens membres de la fanfare, il a \u00e9t\u00e9 un exemple, un guide, un p\u00e8re.&nbsp;<\/p>\n                    <p>Son nom restera \u00e0 jamais inscrit dans l\u2019histoire de l\u2019Harmonie Royale Union de Lorette et nombreuses seront les occasions qui nous permettront de comm\u00e9morer ce soci\u00e9taire afin qu\u2019il reste vivant dans nos souvenirs.<\/p>\n                  <\/div>\n                <\/div>\n              <\/div>\n            <\/div>\n          <\/div>\n        <\/div>\n      <\/div>\n    <\/div>\n  <\/div>\n<\/div>","protected":false},"excerpt":{"rendered":"<p>Accueil &nbsp;06 avril 2026 Prestation &nbsp;Dimanche 12 avril&nbsp;: sortie \u00e0 Ormeignies&nbsp; Bienvenue sur le site de&nbsp;Harmonie Royale Union de Lorette. Pas de f\u00eates sans Lorette : L\u2019Union de Lorette ne se produit pas seulement lors de ducasses ou de concerts. Nous pouvons \u00e9galement venir apporter une touche musicale \u00ab&nbsp;athoise&nbsp;\u00bb lors de vos animations familiales, \u2026 [&hellip;]<\/p>\n","protected":false},"author":1,"featured_media":0,"parent":0,"menu_order":1,"comment_status":"closed","ping_status":"closed","template":"page-templates\/full-width-page.php","meta":{"footnotes":""},"class_list":["post-2","page","type-page","status-publish","hentry"],"_links":{"self":[{"href":"https:\/\/harmonieuniondelorette.be\/index.php\/wp-json\/wp\/v2\/pages\/2","targetHints":{"allow":["GET"]}}],"collection":[{"href":"https:\/\/harmonieuniondelorette.be\/index.php\/wp-json\/wp\/v2\/pages"}],"about":[{"href":"https:\/\/harmonieuniondelorette.be\/index.php\/wp-json\/wp\/v2\/types\/page"}],"author":[{"embeddable":true,"href":"https:\/\/harmonieuniondelorette.be\/index.php\/wp-json\/wp\/v2\/users\/1"}],"replies":[{"embeddable":true,"href":"https:\/\/harmonieuniondelorette.be\/index.php\/wp-json\/wp\/v2\/comments?post=2"}],"version-history":[{"count":20,"href":"https:\/\/harmonieuniondelorette.be\/index.php\/wp-json\/wp\/v2\/pages\/2\/revisions"}],"predecessor-version":[{"id":3936,"href":"https:\/\/harmonieuniondelorette.be\/index.php\/wp-json\/wp\/v2\/pages\/2\/revisions\/3936"}],"wp:attachment":[{"href":"https:\/\/harmonieuniondelorette.be\/index.php\/wp-json\/wp\/v2\/media?parent=2"}],"curies":[{"name":"wp","href":"https:\/\/api.w.org\/{rel}","templated":true}]}}